{"id":639,"date":"2024-01-10T23:15:30","date_gmt":"2024-01-10T23:15:30","guid":{"rendered":"https:\/\/forms.roedlusa.com\/startseite-neu\/"},"modified":"2024-01-23T19:38:04","modified_gmt":"2024-01-23T19:38:04","slug":"startseite-neu","status":"publish","type":"page","link":"https:\/\/forms.roedlusa.com\/de\/","title":{"rendered":"Startseite"},"content":{"rendered":"\t\t<div data-elementor-type=\"wp-page\" data-elementor-id=\"639\" class=\"elementor elementor-639 elementor-506\" data-elementor-post-type=\"page\">\n\t\t\t\t\t\t<section data-particle_enable=\"false\" data-particle-mobile-disabled=\"false\" class=\"elementor-section elementor-top-section elementor-element elementor-element-181e3c9 elementor-section-height-full elementor-section-full_width elementor-section-items-top elementor-section-height-default\" data-id=\"181e3c9\" data-element_type=\"section\" data-settings=\"{&quot;background_background&quot;:&quot;classic&quot;}\">\n\t\t\t\t\t\t\t<div class=\"elementor-background-overlay\"><\/div>\n\t\t\t\t\t\t\t<div class=\"elementor-container elementor-column-gap-default\">\n\t\t\t\t\t<div class=\"elementor-column elementor-col-100 elementor-top-column elementor-element elementor-element-1bf0e447\" data-id=\"1bf0e447\" data-element_type=\"column\">\n\t\t\t<div class=\"elementor-widget-wrap elementor-element-populated\">\n\t\t\t\t<div data-particle_enable=\"false\" data-particle-mobile-disabled=\"false\" class=\"elementor-element elementor-element-c6cb7d9 e-con-full e-flex e-con e-parent\" data-id=\"c6cb7d9\" data-element_type=\"container\">\n\t\t\t\t<div class=\"elementor-element elementor-element-623529b elementor-icon-list--layout-inline elementor-list-item-link-full_width elementor-widget elementor-widget-icon-list\" data-id=\"623529b\" data-element_type=\"widget\" data-widget_type=\"icon-list.default\">\n\t\t\t\t<div class=\"elementor-widget-container\">\n\t\t\t\t\t\t\t<ul class=\"elementor-icon-list-items elementor-inline-items\">\n\t\t\t\t\t\t\t<li class=\"elementor-icon-list-item elementor-inline-item\">\n\t\t\t\t\t\t\t\t\t\t\t<a href=\"\/\">\n\n\t\t\t\t\t\t\t\t\t\t\t\t<span class=\"elementor-icon-list-icon\">\n\t\t\t\t\t\t\t<svg xmlns=\"http:\/\/www.w3.org\/2000\/svg\" height=\"512\" viewBox=\"0 0 512 512\" width=\"512\"><g id=\"Layer_28\" data-name=\"Layer 28\"><rect fill=\"#e0e0e0\" height=\"336\" rx=\"40\" width=\"480\" x=\"19.499\" y=\"91.5\"><\/rect><path d=\"m259.499 187.5h240v48h-240z\" fill=\"#b73831\"><\/path><path d=\"m307.5 211.5h192v-24h-216a24 24 0 0 0 24 24z\" fill=\"#d4483f\"><\/path><path d=\"m307.5 163.5h192v-24h-216a24 24 0 0 0 24 24z\" fill=\"#f5f5f5\"><\/path><path d=\"m307.5 259.5h192v-24h-216a24 24 0 0 0 24 24z\" fill=\"#f5f5f5\"><\/path><g fill=\"#b73831\"><path d=\"m19.499 283.5h480v48h-480z\"><\/path><path d=\"m19.5 387.5a40 40 0 0 0 40 40h400a40 40 0 0 0 40-40v-8h-480z\"><\/path><path d=\"m459.5 91.5h-200v48h240v-8a40 40 0 0 0 -40-40z\"><\/path><\/g><path d=\"m259.5 283.5v-192h-200a40 40 0 0 0 -40 40v152z\" fill=\"#2b66ba\"><\/path><path d=\"m43.5 94.877v132.623a32 32 0 0 0 32 32h184v-168h-200a39.781 39.781 0 0 0 -16 3.377z\" fill=\"#3477cc\"><\/path><path d=\"m67.469 123.5 7.425 15.801 16.605 2.533-12.015 12.299 2.836 17.367-14.851-8.199-14.852 8.199 2.837-17.367-12.015-12.299 16.604-2.533z\" fill=\"#e0e0e0\"><\/path><path d=\"m74.894 139.3-7.395-15.737v39.754l14.821 8.183-2.836-17.367 12.015-12.299z\" fill=\"#fff\"><\/path><path d=\"m139.469 123.5 7.425 15.801 16.605 2.533-12.015 12.299 2.836 17.367-14.851-8.199-14.852 8.199 2.837-17.367-12.015-12.299 16.604-2.533z\" fill=\"#e0e0e0\"><\/path><path d=\"m146.894 139.3-7.395-15.737v39.754l14.821 8.183-2.836-17.367 12.015-12.299z\" fill=\"#fff\"><\/path><path d=\"m211.469 123.5 7.425 15.801 16.605 2.533-12.015 12.299 2.836 17.367-14.851-8.199-14.852 8.199 2.837-17.367-12.015-12.299 16.604-2.533z\" fill=\"#e0e0e0\"><\/path><path d=\"m218.894 139.3-7.395-15.737v39.754l14.821 8.183-2.836-17.367 12.015-12.299z\" fill=\"#fff\"><\/path><path d=\"m67.469 203.5 7.425 15.801 16.605 2.533-12.015 12.299 2.836 17.367-14.851-8.199-14.852 8.199 2.837-17.367-12.015-12.299 16.604-2.533z\" fill=\"#e0e0e0\"><\/path><path d=\"m74.894 219.3-7.395-15.737v39.754l14.821 8.183-2.836-17.367 12.015-12.299z\" fill=\"#fff\"><\/path><path d=\"m139.469 203.5 7.425 15.801 16.605 2.533-12.015 12.299 2.836 17.367-14.851-8.199-14.852 8.199 2.837-17.367-12.015-12.299 16.604-2.533z\" fill=\"#e0e0e0\"><\/path><path d=\"m146.894 219.3-7.395-15.737v39.754l14.821 8.183-2.836-17.367 12.015-12.299z\" fill=\"#fff\"><\/path><path d=\"m211.469 203.5 7.425 15.801 16.605 2.533-12.015 12.299 2.836 17.367-14.851-8.199-14.852 8.199 2.837-17.367-12.015-12.299 16.604-2.533z\" fill=\"#e0e0e0\"><\/path><path d=\"m218.894 219.3-7.395-15.737v39.754l14.821 8.183-2.836-17.367 12.015-12.299z\" fill=\"#fff\"><\/path><path d=\"m307.5 115.5h188.622a39.976 39.976 0 0 0 -36.623-24h-176a24 24 0 0 0 24.001 24z\" fill=\"#d4483f\"><\/path><path d=\"m69.066 307.374h430.434v-23.874h-456c0 13.255 10.744 24 25.566 23.874z\" fill=\"#d4483f\"><\/path><path d=\"m43.5 379.5c0 13.255 10.745 24 25.568 23.874h427.122a39.8 39.8 0 0 0 3.31-15.874v-8z\" fill=\"#d4483f\"><\/path><path d=\"m69.066 355.374h430.434v-23.874h-456c0 13.255 10.744 24 25.566 23.874z\" fill=\"#f5f5f5\"><\/path><\/g><\/svg>\t\t\t\t\t\t<\/span>\n\t\t\t\t\t\t\t\t\t\t<span class=\"elementor-icon-list-text\">Englisch<\/span>\n\t\t\t\t\t\t\t\t\t\t\t<\/a>\n\t\t\t\t\t\t\t\t\t<\/li>\n\t\t\t\t\t\t\t\t<li class=\"elementor-icon-list-item elementor-inline-item\">\n\t\t\t\t\t\t\t\t\t\t\t<a href=\"\/de\">\n\n\t\t\t\t\t\t\t\t\t\t\t\t<span class=\"elementor-icon-list-icon\">\n\t\t\t\t\t\t\t<svg xmlns=\"http:\/\/www.w3.org\/2000\/svg\" viewBox=\"0 0 64 64\"><g id=\"German_Flag\" data-name=\"German Flag\"><path d=\"m7 14h50a2 2 0 0 1 2 2v10a0 0 0 0 1 0 0h-54a0 0 0 0 1 0 0v-10a2 2 0 0 1 2-2z\" fill=\"#52575d\"><\/path><path d=\"m5 26h54v12h-54z\" fill=\"#ef5361\"><\/path><path d=\"m5 38h54a0 0 0 0 1 0 0v10a2 2 0 0 1 -2 2h-50a2 2 0 0 1 -2-2v-10a0 0 0 0 1 0 0z\" fill=\"#fec502\"><\/path><\/g><\/svg>\t\t\t\t\t\t<\/span>\n\t\t\t\t\t\t\t\t\t\t<span class=\"elementor-icon-list-text\">Deutsch<\/span>\n\t\t\t\t\t\t\t\t\t\t\t<\/a>\n\t\t\t\t\t\t\t\t\t<\/li>\n\t\t\t\t\t\t<\/ul>\n\t\t\t\t\t\t<\/div>\n\t\t\t\t<\/div>\n\t\t\t\t<\/div>\n\t\t\t\t<div class=\"elementor-element elementor-element-a926115 elementor-widget elementor-widget-spacer\" data-id=\"a926115\" data-element_type=\"widget\" data-widget_type=\"spacer.default\">\n\t\t\t\t<div class=\"elementor-widget-container\">\n\t\t\t\t\t\t\t<div class=\"elementor-spacer\">\n\t\t\t<div class=\"elementor-spacer-inner\"><\/div>\n\t\t<\/div>\n\t\t\t\t\t\t<\/div>\n\t\t\t\t<\/div>\n\t\t\t\t<div class=\"elementor-element elementor-element-6bafde7 elementor-widget elementor-widget-image\" data-id=\"6bafde7\" data-element_type=\"widget\" data-widget_type=\"image.default\">\n\t\t\t\t<div class=\"elementor-widget-container\">\n\t\t\t\t\t\t\t\t\t\t\t\t\t\t\t<img decoding=\"async\" width=\"300\" height=\"40\" src=\"\/wp-content\/uploads\/2024\/01\/logo_roedl-w.png\" class=\"attachment-large size-large wp-image-634\" alt=\"\" srcset=\"\/wp-content\/uploads\/2024\/01\/logo_roedl-w.png 300w, \/wp-content\/uploads\/2024\/01\/logo_roedl-w-250x33.png 250w\" sizes=\"(max-width: 300px) 100vw, 300px\" \/>\t\t\t\t\t\t\t\t\t\t\t\t\t\t\t<\/div>\n\t\t\t\t<\/div>\n\t\t\t\t<div class=\"elementor-element elementor-element-5726696 elementor-widget__width-initial elementor-widget elementor-widget-heading\" data-id=\"5726696\" data-element_type=\"widget\" data-widget_type=\"heading.default\">\n\t\t\t\t<div class=\"elementor-widget-container\">\n\t\t\t\t\t<h4 class=\"elementor-heading-title elementor-size-default\">W\u00e4hlen Sie den Fragebogen auf den Sie zugreifen m\u00f6chten<\/h4>\t\t\t\t<\/div>\n\t\t\t\t<\/div>\n\t\t<div data-particle_enable=\"false\" data-particle-mobile-disabled=\"false\" class=\"elementor-element elementor-element-bac61e2 e-flex e-con-boxed e-con e-parent\" data-id=\"bac61e2\" data-element_type=\"container\">\n\t\t\t\t\t<div class=\"e-con-inner\">\n\t\t<div data-particle_enable=\"false\" data-particle-mobile-disabled=\"false\" class=\"elementor-element elementor-element-54ce68d e-flex e-con-boxed e-con e-child\" data-id=\"54ce68d\" data-element_type=\"container\">\n\t\t\t\t\t<div class=\"e-con-inner\">\n\t\t\t\t<div class=\"elementor-element elementor-element-24a79f7 elementor-align-center elementor-icon-list--layout-traditional elementor-list-item-link-full_width elementor-widget elementor-widget-icon-list\" data-id=\"24a79f7\" data-element_type=\"widget\" data-widget_type=\"icon-list.default\">\n\t\t\t\t<div class=\"elementor-widget-container\">\n\t\t\t\t\t\t\t<ul class=\"elementor-icon-list-items\">\n\t\t\t\t\t\t\t<li class=\"elementor-icon-list-item\">\n\t\t\t\t\t\t\t\t\t\t\t<a href=\"https:\/\/1040.roedlusa.com\/user-dashboard\/\">\n\n\t\t\t\t\t\t\t\t\t\t\t\t<span class=\"elementor-icon-list-icon\">\n\t\t\t\t\t\t\t<svg aria-hidden=\"true\" class=\"e-font-icon-svg e-fas-clipboard-list\" viewBox=\"0 0 384 512\" xmlns=\"http:\/\/www.w3.org\/2000\/svg\"><path d=\"M336 64h-80c0-35.3-28.7-64-64-64s-64 28.7-64 64H48C21.5 64 0 85.5 0 112v352c0 26.5 21.5 48 48 48h288c26.5 0 48-21.5 48-48V112c0-26.5-21.5-48-48-48zM96 424c-13.3 0-24-10.7-24-24s10.7-24 24-24 24 10.7 24 24-10.7 24-24 24zm0-96c-13.3 0-24-10.7-24-24s10.7-24 24-24 24 10.7 24 24-10.7 24-24 24zm0-96c-13.3 0-24-10.7-24-24s10.7-24 24-24 24 10.7 24 24-10.7 24-24 24zm96-192c13.3 0 24 10.7 24 24s-10.7 24-24 24-24-10.7-24-24 10.7-24 24-24zm128 368c0 4.4-3.6 8-8 8H168c-4.4 0-8-3.6-8-8v-16c0-4.4 3.6-8 8-8h144c4.4 0 8 3.6 8 8v16zm0-96c0 4.4-3.6 8-8 8H168c-4.4 0-8-3.6-8-8v-16c0-4.4 3.6-8 8-8h144c4.4 0 8 3.6 8 8v16zm0-96c0 4.4-3.6 8-8 8H168c-4.4 0-8-3.6-8-8v-16c0-4.4 3.6-8 8-8h144c4.4 0 8 3.6 8 8v16z\"><\/path><\/svg>\t\t\t\t\t\t<\/span>\n\t\t\t\t\t\t\t\t\t\t<span class=\"elementor-icon-list-text\">1040 - Vollst\u00e4ndiger Steuerfragebogen<\/span>\n\t\t\t\t\t\t\t\t\t\t\t<\/a>\n\t\t\t\t\t\t\t\t\t<\/li>\n\t\t\t\t\t\t\t\t<li class=\"elementor-icon-list-item\">\n\t\t\t\t\t\t\t\t\t\t\t<a href=\"https:\/\/forms.roedlusa.com\/de\/benutzer-dashboard\/\">\n\n\t\t\t\t\t\t\t\t\t\t\t\t<span class=\"elementor-icon-list-icon\">\n\t\t\t\t\t\t\t<svg aria-hidden=\"true\" class=\"e-font-icon-svg e-fas-clipboard-list\" viewBox=\"0 0 384 512\" xmlns=\"http:\/\/www.w3.org\/2000\/svg\"><path d=\"M336 64h-80c0-35.3-28.7-64-64-64s-64 28.7-64 64H48C21.5 64 0 85.5 0 112v352c0 26.5 21.5 48 48 48h288c26.5 0 48-21.5 48-48V112c0-26.5-21.5-48-48-48zM96 424c-13.3 0-24-10.7-24-24s10.7-24 24-24 24 10.7 24 24-10.7 24-24 24zm0-96c-13.3 0-24-10.7-24-24s10.7-24 24-24 24 10.7 24 24-10.7 24-24 24zm0-96c-13.3 0-24-10.7-24-24s10.7-24 24-24 24 10.7 24 24-10.7 24-24 24zm96-192c13.3 0 24 10.7 24 24s-10.7 24-24 24-24-10.7-24-24 10.7-24 24-24zm128 368c0 4.4-3.6 8-8 8H168c-4.4 0-8-3.6-8-8v-16c0-4.4 3.6-8 8-8h144c4.4 0 8 3.6 8 8v16zm0-96c0 4.4-3.6 8-8 8H168c-4.4 0-8-3.6-8-8v-16c0-4.4 3.6-8 8-8h144c4.4 0 8 3.6 8 8v16zm0-96c0 4.4-3.6 8-8 8H168c-4.4 0-8-3.6-8-8v-16c0-4.4 3.6-8 8-8h144c4.4 0 8 3.6 8 8v16z\"><\/path><\/svg>\t\t\t\t\t\t<\/span>\n\t\t\t\t\t\t\t\t\t\t<span class=\"elementor-icon-list-text\">1040NR Fragebogen f\u00fcr in den USA beschr\u00e4nkt Steuerpflichtige<\/span>\n\t\t\t\t\t\t\t\t\t\t\t<\/a>\n\t\t\t\t\t\t\t\t\t<\/li>\n\t\t\t\t\t\t<\/ul>\n\t\t\t\t\t\t<\/div>\n\t\t\t\t<\/div>\n\t\t\t\t<div class=\"elementor-element elementor-element-446972d elementor-align-center elementor-widget__width-initial elementor-icon-list--layout-traditional elementor-list-item-link-full_width elementor-widget elementor-widget-icon-list\" data-id=\"446972d\" data-element_type=\"widget\" data-widget_type=\"icon-list.default\">\n\t\t\t\t<div class=\"elementor-widget-container\">\n\t\t\t\t\t\t\t<ul class=\"elementor-icon-list-items\">\n\t\t\t\t\t\t\t<li class=\"elementor-icon-list-item\">\n\t\t\t\t\t\t\t\t\t\t\t<span class=\"elementor-icon-list-icon\">\n\t\t\t\t\t\t\t<svg aria-hidden=\"true\" class=\"e-font-icon-svg e-fas-exclamation-circle\" viewBox=\"0 0 512 512\" xmlns=\"http:\/\/www.w3.org\/2000\/svg\"><path d=\"M504 256c0 136.997-111.043 248-248 248S8 392.997 8 256C8 119.083 119.043 8 256 8s248 111.083 248 248zm-248 50c-25.405 0-46 20.595-46 46s20.595 46 46 46 46-20.595 46-46-20.595-46-46-46zm-43.673-165.346l7.418 136c.347 6.364 5.609 11.346 11.982 11.346h48.546c6.373 0 11.635-4.982 11.982-11.346l7.418-136c.375-6.874-5.098-12.654-11.982-12.654h-63.383c-6.884 0-12.356 5.78-11.981 12.654z\"><\/path><\/svg>\t\t\t\t\t\t<\/span>\n\t\t\t\t\t\t\t\t\t\t<span class=\"elementor-icon-list-text\">Wenn Sie sich nicht sicher sind, ob Sie den 1040-Fragebogen oder den 1040-NR-Fragebogen verwenden sollen, lesen Sie bitte die E-Mail, die Sie mit diesem Link erhalten haben, oder wenden Sie sich an Ihren \u00f6rtlichen Vertreter.<\/span>\n\t\t\t\t\t\t\t\t\t<\/li>\n\t\t\t\t\t\t<\/ul>\n\t\t\t\t\t\t<\/div>\n\t\t\t\t<\/div>\n\t\t\t\t\t<\/div>\n\t\t\t\t<\/div>\n\t\t\t\t\t<\/div>\n\t\t\t\t<\/div>\n\t\t\t\t\t<\/div>\n\t\t<\/div>\n\t\t\t\t\t<\/div>\n\t\t<\/section>\n\t\t\t\t<\/div>\n\t\t","protected":false},"excerpt":{"rendered":"<p>Englisch Deutsch W\u00e4hlen Sie den Fragebogen auf den Sie zugreifen m\u00f6chten 1040 &#8211; Vollst\u00e4ndiger Steuerfragebogen 1040NR Fragebogen f\u00fcr in den USA beschr\u00e4nkt Steuerpflichtige Wenn Sie sich nicht sicher sind, ob Sie den 1040-Fragebogen oder den 1040-NR-Fragebogen verwenden sollen, lesen Sie bitte die E-Mail, die Sie mit diesem Link erhalten haben, oder wenden Sie sich an [&hellip;]<\/p>\n","protected":false},"author":4,"featured_media":0,"parent":0,"menu_order":0,"comment_status":"closed","ping_status":"closed","template":"","meta":{"_acf_changed":false,"_view_id":"","site-sidebar-layout":"no-sidebar","site-content-layout":"page-builder","ast-site-content-layout":"full-width-container","site-content-style":"unboxed","site-sidebar-style":"unboxed","ast-global-header-display":"","ast-banner-title-visibility":"","ast-main-header-display":"disabled","ast-hfb-above-header-display":"","ast-hfb-below-header-display":"","ast-hfb-mobile-header-display":"disabled","site-post-title":"disabled","ast-breadcrumbs-content":"","ast-featured-img":"disabled","footer-sml-layout":"","theme-transparent-header-meta":"enabled","adv-header-id-meta":"","stick-header-meta":"default","header-above-stick-meta":"","header-main-stick-meta":"","header-below-stick-meta":"","astra-migrate-meta-layouts":"set","ast-page-background-enabled":"default","ast-page-background-meta":{"desktop":{"background-color":"var(--ast-global-color-4)","background-image":"","background-repeat":"repeat","background-position":"center center","background-size":"auto","background-attachment":"scroll","background-type":"","background-media":"","overlay-type":"","overlay-color":"","overlay-opacity":"","overlay-gradient":""},"tablet":{"background-color":"","background-image":"","background-repeat":"repeat","background-position":"center center","background-size":"auto","background-attachment":"scroll","background-type":"","background-media":"","overlay-type":"","overlay-color":"","overlay-opacity":"","overlay-gradient":""},"mobile":{"background-color":"","background-image":"","background-repeat":"repeat","background-position":"center center","background-size":"auto","background-attachment":"scroll","background-type":"","background-media":"","overlay-type":"","overlay-color":"","overlay-opacity":"","overlay-gradient":""}},"ast-content-background-meta":{"desktop":{"background-color":"var(--ast-global-color-5)","background-image":"","background-repeat":"repeat","background-position":"center center","background-size":"auto","background-attachment":"scroll","background-type":"","background-media":"","overlay-type":"","overlay-color":"","overlay-opacity":"","overlay-gradient":""},"tablet":{"background-color":"var(--ast-global-color-5)","background-image":"","background-repeat":"repeat","background-position":"center center","background-size":"auto","background-attachment":"scroll","background-type":"","background-media":"","overlay-type":"","overlay-color":"","overlay-opacity":"","overlay-gradient":""},"mobile":{"background-color":"var(--ast-global-color-5)","background-image":"","background-repeat":"repeat","background-position":"center center","background-size":"auto","background-attachment":"scroll","background-type":"","background-media":"","overlay-type":"","overlay-color":"","overlay-opacity":"","overlay-gradient":""}},"footnotes":""},"class_list":["post-639","page","type-page","status-publish","hentry"],"acf":[],"_links":{"self":[{"href":"https:\/\/forms.roedlusa.com\/de\/wp-json\/wp\/v2\/pages\/639","targetHints":{"allow":["GET"]}}],"collection":[{"href":"https:\/\/forms.roedlusa.com\/de\/wp-json\/wp\/v2\/pages"}],"about":[{"href":"https:\/\/forms.roedlusa.com\/de\/wp-json\/wp\/v2\/types\/page"}],"author":[{"embeddable":true,"href":"https:\/\/forms.roedlusa.com\/de\/wp-json\/wp\/v2\/users\/4"}],"replies":[{"embeddable":true,"href":"https:\/\/forms.roedlusa.com\/de\/wp-json\/wp\/v2\/comments?post=639"}],"version-history":[{"count":16,"href":"https:\/\/forms.roedlusa.com\/de\/wp-json\/wp\/v2\/pages\/639\/revisions"}],"predecessor-version":[{"id":1256,"href":"https:\/\/forms.roedlusa.com\/de\/wp-json\/wp\/v2\/pages\/639\/revisions\/1256"}],"wp:attachment":[{"href":"https:\/\/forms.roedlusa.com\/de\/wp-json\/wp\/v2\/media?parent=639"}],"curies":[{"name":"wp","href":"https:\/\/api.w.org\/{rel}","templated":true}]}}