{"id":649,"date":"2024-01-09T03:21:47","date_gmt":"2024-01-09T03:21:47","guid":{"rendered":"https:\/\/forms.roedlusa.com\/registrieren-de\/"},"modified":"2024-01-23T01:29:53","modified_gmt":"2024-01-23T01:29:53","slug":"registrieren-de","status":"publish","type":"page","link":"https:\/\/forms.roedlusa.com\/de\/registrieren-de\/","title":{"rendered":"Registrieren de"},"content":{"rendered":"\t\t<div data-elementor-type=\"wp-page\" data-elementor-id=\"649\" class=\"elementor elementor-649 elementor-211\" data-elementor-post-type=\"page\">\n\t\t\t\t\t\t<section data-particle_enable=\"false\" data-particle-mobile-disabled=\"false\" class=\"elementor-section elementor-top-section elementor-element elementor-element-181e3c9 elementor-section-height-min-height elementor-section-boxed elementor-section-height-default elementor-section-items-middle\" data-id=\"181e3c9\" data-element_type=\"section\" data-settings=\"{&quot;background_background&quot;:&quot;classic&quot;}\">\n\t\t\t\t\t\t\t<div class=\"elementor-background-overlay\"><\/div>\n\t\t\t\t\t\t\t<div class=\"elementor-container elementor-column-gap-default\">\n\t\t\t\t\t<div class=\"elementor-column elementor-col-100 elementor-top-column elementor-element elementor-element-1bf0e447\" data-id=\"1bf0e447\" data-element_type=\"column\">\n\t\t\t<div class=\"elementor-widget-wrap elementor-element-populated\">\n\t\t\t\t\t\t<div class=\"elementor-element elementor-element-47ab85e8 elementor-widget__width-initial elementor-widget elementor-widget-heading\" data-id=\"47ab85e8\" data-element_type=\"widget\" data-widget_type=\"heading.default\">\n\t\t\t\t<div class=\"elementor-widget-container\">\n\t\t\t\t\t<h1 class=\"elementor-heading-title elementor-size-default\">Registrieren<\/h1>\t\t\t\t<\/div>\n\t\t\t\t<\/div>\n\t\t\t\t\t<\/div>\n\t\t<\/div>\n\t\t\t\t\t<\/div>\n\t\t<\/section>\n\t\t\t\t<section data-particle_enable=\"false\" data-particle-mobile-disabled=\"false\" class=\"elementor-section elementor-top-section elementor-element elementor-element-52855995 elementor-section-boxed elementor-section-height-default elementor-section-height-default\" data-id=\"52855995\" data-element_type=\"section\" id=\"start\">\n\t\t\t\t\t\t<div class=\"elementor-container elementor-column-gap-default\">\n\t\t\t\t\t<div class=\"elementor-column elementor-col-50 elementor-top-column elementor-element elementor-element-5dcb3c90\" data-id=\"5dcb3c90\" data-element_type=\"column\">\n\t\t\t<div class=\"elementor-widget-wrap elementor-element-populated\">\n\t\t\t\t\t\t<section data-particle_enable=\"false\" data-particle-mobile-disabled=\"false\" class=\"elementor-section elementor-inner-section elementor-element elementor-element-43db37de elementor-section-boxed elementor-section-height-default elementor-section-height-default\" data-id=\"43db37de\" data-element_type=\"section\" data-settings=\"{&quot;sticky&quot;:&quot;top&quot;,&quot;sticky_offset&quot;:20,&quot;sticky_on&quot;:[&quot;desktop&quot;],&quot;sticky_effects_offset&quot;:0,&quot;sticky_anchor_link_offset&quot;:0}\">\n\t\t\t\t\t\t<div class=\"elementor-container elementor-column-gap-no\">\n\t\t\t\t\t<div class=\"elementor-column elementor-col-100 elementor-inner-column elementor-element elementor-element-23119b33\" data-id=\"23119b33\" data-element_type=\"column\">\n\t\t\t<div class=\"elementor-widget-wrap elementor-element-populated\">\n\t\t\t\t\t\t<div class=\"elementor-element elementor-element-1e7cdf86 elementor-widget elementor-widget-heading\" data-id=\"1e7cdf86\" data-element_type=\"widget\" data-widget_type=\"heading.default\">\n\t\t\t\t<div class=\"elementor-widget-container\">\n\t\t\t\t\t<h5 class=\"elementor-heading-title elementor-size-default\">Bitte f\u00fcllen Sie das Formular aus, um Ihre Anmeldung zu starten. \u00dcber Ihr Konto k\u00f6nnen Sie auf den Steuerfragebogen zugreifen und ihn \u00fcbermitteln.<\/h5>\t\t\t\t<\/div>\n\t\t\t\t<\/div>\n\t\t\t\t<div class=\"elementor-element elementor-element-4a77c110 elementor-widget elementor-widget-text-editor\" data-id=\"4a77c110\" data-element_type=\"widget\" data-widget_type=\"text-editor.default\">\n\t\t\t\t<div class=\"elementor-widget-container\">\n\t\t\t\t\t\t\t\t\t<p>Wenn Sie Fragen haben, z\u00f6gern Sie bitte nicht, Ihren R\u00f6dl &amp; Partner-Ansprechpartner zu kontaktieren.<\/p>\n<p>Der Steuerstatus von Ihnen, Ihrem Ehepartner und Ihren Angeh\u00f6rigen sollte mit Ihrer Kontaktperson besprochen werden. Wenn beide Ehegatten im Jahr 2022 Einkommen hatten, geben Sie bitte deutlich an, wenn dies zutrifft.<\/p>\n<p>Bitte beachten Sie, dass Sie m\u00f6glicherweise eine ausl\u00e4ndische Einkommensteuererkl\u00e4rung abgeben m\u00fcssen. Wenn Sie Unterst\u00fctzung bei der Erstellung Ihrer ausl\u00e4ndischen Steuererkl\u00e4rung ben\u00f6tigen oder Fragen zu Ihren Einreichungspflichten haben, vermitteln wir Ihnen gerne den Kontakt zu unserem Partnerunternehmen R\u00f6dl &amp; Partner.<\/p>\n\t\t\t\t\t\t\t\t<\/div>\n\t\t\t\t<\/div>\n\t\t\t\t\t<\/div>\n\t\t<\/div>\n\t\t\t\t\t<\/div>\n\t\t<\/section>\n\t\t\t\t\t<\/div>\n\t\t<\/div>\n\t\t\t\t<div class=\"elementor-column elementor-col-50 elementor-top-column elementor-element elementor-element-174058b0\" data-id=\"174058b0\" data-element_type=\"column\">\n\t\t\t<div class=\"elementor-widget-wrap elementor-element-populated\">\n\t\t\t\t\t\t<div class=\"elementor-element elementor-element-3d2445a6 elementor-widget elementor-widget-shortcode\" data-id=\"3d2445a6\" data-element_type=\"widget\" id=\"register-form\" data-widget_type=\"shortcode.default\">\n\t\t\t\t<div class=\"elementor-widget-container\">\n\t\t\t\t\t\t\t<div class=\"elementor-shortcode\"><div class=\"wpforms-container wpforms-container-full wpforms-container-save-resume wpforms-render-modern\" id=\"wpforms-15\"><form id=\"wpforms-form-15\" class=\"wpforms-validate wpforms-form wpforms-ajax-form\" data-formid=\"15\" method=\"post\" enctype=\"multipart\/form-data\" action=\"\/de\/wp-json\/wp\/v2\/pages\/649\" data-token=\"3984d0381b27d36b8259ed50c1d5b0b8\" data-token-time=\"1777759654\"><noscript class=\"wpforms-error-noscript\">Bitte aktiviere JavaScript in deinem Browser, um dieses Formular fertigzustellen.<\/noscript><div class=\"wpforms-hidden\" id=\"wpforms-error-noscript\">Bitte aktiviere JavaScript in deinem Browser, um dieses Formular fertigzustellen.<\/div><div class=\"wpforms-field-container\"><div id=\"wpforms-15-field_1-container\" class=\"wpforms-field wpforms-field-name\" data-field-type=\"name\" data-field-id=\"1\"><fieldset><legend class=\"wpforms-field-label\">Name <span class=\"wpforms-required-label\" aria-hidden=\"true\">*<\/span><\/legend><div class=\"wpforms-field-row wpforms-field-large\"><div class=\"wpforms-field-row-block wpforms-first wpforms-one-half\"><input type=\"text\" id=\"wpforms-15-field_1\" class=\"wpforms-field-name-first wpforms-field-required\" name=\"wpforms[fields][1][first]\" placeholder=\"Vorname\" aria-errormessage=\"wpforms-15-field_1-error\" required><label for=\"wpforms-15-field_1\" class=\"wpforms-field-sublabel after wpforms-sublabel-hide\">Vorname<\/label><\/div><div class=\"wpforms-field-row-block wpforms-one-half\"><input type=\"text\" id=\"wpforms-15-field_1-last\" class=\"wpforms-field-name-last wpforms-field-required\" name=\"wpforms[fields][1][last]\" placeholder=\"Nachname\" aria-errormessage=\"wpforms-15-field_1-last-error\" required><label for=\"wpforms-15-field_1-last\" class=\"wpforms-field-sublabel after wpforms-sublabel-hide\">Nachname<\/label><\/div><\/div><\/fieldset><\/div><div id=\"wpforms-15-field_12-container\" class=\"wpforms-field wpforms-field-password\" data-field-type=\"password\" data-field-id=\"12\"><fieldset><legend class=\"wpforms-field-label\">Passwort <span class=\"wpforms-required-label\" aria-hidden=\"true\">*<\/span><\/legend><div class=\"wpforms-field-row wpforms-field-large\"><div class=\"wpforms-field-row-block wpforms-one-half wpforms-first\"><input type=\"password\" id=\"wpforms-15-field_12\" class=\"wpforms-field-required wpforms-field-password-primary\" name=\"wpforms[fields][12][primary]\" spellcheck=\"false\" aria-errormessage=\"wpforms-15-field_12-error\" required><label for=\"wpforms-15-field_12\" class=\"wpforms-field-sublabel after\">Passwort<\/label><\/div><div class=\"wpforms-field-row-block wpforms-one-half\"><input type=\"password\" id=\"wpforms-15-field_12-secondary\" class=\"wpforms-field-password-secondary wpforms-field-required\" data-rule-confirm=\"#wpforms-15-field_12\" name=\"wpforms[fields][12][secondary]\" spellcheck=\"false\" aria-errormessage=\"wpforms-15-field_12-secondary-error\" required><label for=\"wpforms-15-field_12-secondary\" class=\"wpforms-field-sublabel after\">Passwort best\u00e4tigen<\/label><\/div><\/div><\/fieldset><\/div><div id=\"wpforms-15-field_3-container\" class=\"wpforms-field wpforms-field-layout\" data-field-type=\"layout\" data-field-id=\"3\"><div class=\"wpforms-field-layout-columns wpforms-field-layout-preset-50-50\"><div class=\"wpforms-layout-column wpforms-layout-column-50\" ><div id=\"wpforms-15-field_4-container\" class=\"wpforms-field wpforms-field-email\" data-field-type=\"email\" data-field-id=\"4\"><label class=\"wpforms-field-label\" for=\"wpforms-15-field_4\">E-Mail <span class=\"wpforms-required-label\" aria-hidden=\"true\">*<\/span><\/label><input type=\"email\" id=\"wpforms-15-field_4\" class=\"wpforms-field-medium wpforms-field-required\" name=\"wpforms[fields][4]\" spellcheck=\"false\" aria-errormessage=\"wpforms-15-field_4-error\" required><\/div><\/div><div class=\"wpforms-layout-column wpforms-layout-column-50\" ><div id=\"wpforms-15-field_2-container\" class=\"wpforms-field wpforms-field-text\" data-field-type=\"text\" data-field-id=\"2\"><label class=\"wpforms-field-label\" for=\"wpforms-15-field_2\">Rufnummer<\/label><input type=\"text\" id=\"wpforms-15-field_2\" class=\"wpforms-field-medium\" name=\"wpforms[fields][2]\" aria-errormessage=\"wpforms-15-field_2-error\" ><\/div><\/div><\/div><\/div><div id=\"wpforms-15-field_6-container\" class=\"wpforms-field wpforms-field-layout\" data-field-type=\"layout\" data-field-id=\"6\"><div class=\"wpforms-field-layout-columns wpforms-field-layout-preset-50-50\"><div class=\"wpforms-layout-column wpforms-layout-column-50\" ><div id=\"wpforms-15-field_10-container\" class=\"wpforms-field wpforms-field-select wpforms-conditional-trigger wpforms-field-select-style-classic\" data-field-type=\"select\" data-field-id=\"10\"><label class=\"wpforms-field-label\" for=\"wpforms-15-field_10\">Familienstand   <span class=\"wpforms-required-label\" aria-hidden=\"true\">*<\/span><\/label><select id=\"wpforms-15-field_10\" class=\"wpforms-field-medium wpforms-field-required\" name=\"wpforms[fields][10]\" required=\"required\"><option value=\"\" class=\"placeholder\" disabled  selected='selected'>W\u00e4hlen Sie<\/option><option value=\"Single\" >Single<\/option><option value=\"Married\" >Married<\/option><option value=\"Widow(er)\" >Widow(er)<\/option><option value=\"Domestic Partnership\" >Domestic Partnership<\/option><option value=\"Civil Union\" >Civil Union<\/option><option value=\"Other (Please specify)\" >Other (Please specify)<\/option><\/select><\/div><div id=\"wpforms-15-field_11-container\" class=\"wpforms-field wpforms-field-text wpforms-conditional-field wpforms-conditional-show\" data-field-type=\"text\" data-field-id=\"11\" style=\"display:none;\"><label class=\"wpforms-field-label\" for=\"wpforms-15-field_11\">Sonstiges: (Bitte angeben) <span class=\"wpforms-required-label\" aria-hidden=\"true\">*<\/span><\/label><input type=\"text\" id=\"wpforms-15-field_11\" class=\"wpforms-field-medium wpforms-field-required\" name=\"wpforms[fields][11]\" aria-errormessage=\"wpforms-15-field_11-error\" required><\/div><\/div><div class=\"wpforms-layout-column wpforms-layout-column-50\" ><div id=\"wpforms-15-field_13-container\" class=\"wpforms-field wpforms-field-select wpforms-field-select-style-classic\" data-field-type=\"select\" data-field-id=\"13\"><label class=\"wpforms-field-label\" for=\"wpforms-15-field_13\">B\u00fcro <span class=\"wpforms-required-label\" aria-hidden=\"true\">*<\/span><\/label><select id=\"wpforms-15-field_13\" class=\"wpforms-field-large wpforms-field-required\" name=\"wpforms[fields][13]\" required=\"required\"><option value=\"\" class=\"placeholder\" disabled  selected='selected'>W\u00e4hlen Sie<\/option><option value=\"Atlanta\" >Atlanta<\/option><option value=\"Birmingham\" >Birmingham<\/option><option value=\"Charlotte\" >Charlotte<\/option><option value=\"Chicago\" >Chicago<\/option><option value=\"Cincinnati\" >Cincinnati<\/option><option value=\"Detroit\" >Detroit<\/option><option value=\"Greenville\" >Greenville<\/option><option value=\"Houston\" >Houston<\/option><option value=\"New York\" >New York<\/option><\/select><\/div><\/div><\/div><\/div><div id=\"wpforms-15-field_14-container\" class=\"wpforms-field wpforms-field-layout\" data-field-type=\"layout\" data-field-id=\"14\"><div class=\"wpforms-field-layout-columns wpforms-field-layout-preset-50-50\"><div class=\"wpforms-layout-column wpforms-layout-column-50\" ><div id=\"wpforms-15-field_17-container\" class=\"wpforms-field wpforms-field-select wpforms-field-select-style-classic\" data-field-type=\"select\" data-field-id=\"17\"><label class=\"wpforms-field-label\" for=\"wpforms-15-field_17\">Bevorzugte Sprache <span class=\"wpforms-required-label\" aria-hidden=\"true\">*<\/span><\/label><select id=\"wpforms-15-field_17\" class=\"wpforms-field-medium wpforms-field-required\" name=\"wpforms[fields][17]\" required=\"required\"><option value=\"English\" >English<\/option><option value=\"Deutsch\" >Deutsch<\/option><option value=\"Italiano\" >Italiano<\/option><\/select><\/div><\/div><div class=\"wpforms-layout-column wpforms-layout-column-50\" ><\/div><\/div><\/div><\/div><!-- .wpforms-field-container --><div class=\"wpforms-submit-container\" ><input type=\"hidden\" name=\"wpforms[id]\" value=\"15\"><input type=\"hidden\" name=\"page_title\" value=\"\"><input type=\"hidden\" name=\"page_url\" value=\"https:\/\/forms.roedlusa.com\/de\/wp-json\/wp\/v2\/pages\/649\"><input type=\"hidden\" name=\"url_referer\" value=\"\"><button type=\"submit\" name=\"wpforms[submit]\" id=\"wpforms-submit-15\" class=\"wpforms-submit\" data-alt-text=\"Ich \u00fcbermittle\" data-submit-text=\"Registrieren\" aria-live=\"assertive\" value=\"wpforms-submit\">Registrieren<\/button><img decoding=\"async\" src=\"\/wp-content\/plugins\/wpforms\/assets\/images\/submit-spin.svg\" class=\"wpforms-submit-spinner\" style=\"display: none;\" width=\"26\" height=\"26\" alt=\"Wird geladen\"><\/div><\/form><\/div>  <!-- .wpforms-container --><\/div>\n\t\t\t\t\t\t<\/div>\n\t\t\t\t<\/div>\n\t\t\t\t<div class=\"elementor-element elementor-element-27f8b3b9 elementor-widget elementor-widget-text-editor\" data-id=\"27f8b3b9\" data-element_type=\"widget\" data-widget_type=\"text-editor.default\">\n\t\t\t\t<div class=\"elementor-widget-container\">\n\t\t\t\t\t\t\t\t\t<p><strong><a href=\"https:\/\/forms.roedlusa.com\/de\/anmeldung-fuer-mitglieder\/\">Sie haben bereits ein Konto? Klicken Sie hier, um sich einzuloggen.<\/a><\/strong><\/p>\n\t\t\t\t\t\t\t\t<\/div>\n\t\t\t\t<\/div>\n\t\t\t\t\t<\/div>\n\t\t<\/div>\n\t\t\t\t\t<\/div>\n\t\t<\/section>\n\t\t\t\t<\/div>\n\t\t","protected":false},"excerpt":{"rendered":"<p>Registrieren Bitte f\u00fcllen Sie das Formular aus, um Ihre Anmeldung zu starten. \u00dcber Ihr Konto k\u00f6nnen Sie auf den Steuerfragebogen zugreifen und ihn \u00fcbermitteln. Wenn Sie Fragen haben, z\u00f6gern Sie bitte nicht, Ihren R\u00f6dl &amp; Partner-Ansprechpartner zu kontaktieren. Der Steuerstatus von Ihnen, Ihrem Ehepartner und Ihren Angeh\u00f6rigen sollte mit Ihrer Kontaktperson besprochen werden. Wenn beide [&hellip;]<\/p>\n","protected":false},"author":4,"featured_media":0,"parent":0,"menu_order":0,"comment_status":"closed","ping_status":"closed","template":"","meta":{"_acf_changed":false,"_view_id":"","site-sidebar-layout":"no-sidebar","site-content-layout":"page-builder","ast-site-content-layout":"","site-content-style":"default","site-sidebar-style":"default","ast-global-header-display":"","ast-banner-title-visibility":"","ast-main-header-display":"","ast-hfb-above-header-display":"","ast-hfb-below-header-display":"","ast-hfb-mobile-header-display":"","site-post-title":"disabled","ast-breadcrumbs-content":"","ast-featured-img":"disabled","footer-sml-layout":"","theme-transparent-header-meta":"enabled","adv-header-id-meta":"","stick-header-meta":"default","header-above-stick-meta":"","header-main-stick-meta":"","header-below-stick-meta":"","astra-migrate-meta-layouts":"default","ast-page-background-enabled":"default","ast-page-background-meta":{"desktop":{"background-color":"var(--ast-global-color-4)","background-image":"","background-repeat":"repeat","background-position":"center center","background-size":"auto","background-attachment":"scroll","background-type":"","background-media":"","overlay-type":"","overlay-color":"","overlay-opacity":"","overlay-gradient":""},"tablet":{"background-color":"","background-image":"","background-repeat":"repeat","background-position":"center center","background-size":"auto","background-attachment":"scroll","background-type":"","background-media":"","overlay-type":"","overlay-color":"","overlay-opacity":"","overlay-gradient":""},"mobile":{"background-color":"","background-image":"","background-repeat":"repeat","background-position":"center center","background-size":"auto","background-attachment":"scroll","background-type":"","background-media":"","overlay-type":"","overlay-color":"","overlay-opacity":"","overlay-gradient":""}},"ast-content-background-meta":{"desktop":{"background-color":"var(--ast-global-color-5)","background-image":"","background-repeat":"repeat","background-position":"center center","background-size":"auto","background-attachment":"scroll","background-type":"","background-media":"","overlay-type":"","overlay-color":"","overlay-opacity":"","overlay-gradient":""},"tablet":{"background-color":"var(--ast-global-color-5)","background-image":"","background-repeat":"repeat","background-position":"center center","background-size":"auto","background-attachment":"scroll","background-type":"","background-media":"","overlay-type":"","overlay-color":"","overlay-opacity":"","overlay-gradient":""},"mobile":{"background-color":"var(--ast-global-color-5)","background-image":"","background-repeat":"repeat","background-position":"center center","background-size":"auto","background-attachment":"scroll","background-type":"","background-media":"","overlay-type":"","overlay-color":"","overlay-opacity":"","overlay-gradient":""}},"footnotes":""},"class_list":["post-649","page","type-page","status-publish","hentry"],"acf":[],"_links":{"self":[{"href":"https:\/\/forms.roedlusa.com\/de\/wp-json\/wp\/v2\/pages\/649","targetHints":{"allow":["GET"]}}],"collection":[{"href":"https:\/\/forms.roedlusa.com\/de\/wp-json\/wp\/v2\/pages"}],"about":[{"href":"https:\/\/forms.roedlusa.com\/de\/wp-json\/wp\/v2\/types\/page"}],"author":[{"embeddable":true,"href":"https:\/\/forms.roedlusa.com\/de\/wp-json\/wp\/v2\/users\/4"}],"replies":[{"embeddable":true,"href":"https:\/\/forms.roedlusa.com\/de\/wp-json\/wp\/v2\/comments?post=649"}],"version-history":[{"count":6,"href":"https:\/\/forms.roedlusa.com\/de\/wp-json\/wp\/v2\/pages\/649\/revisions"}],"predecessor-version":[{"id":1226,"href":"https:\/\/forms.roedlusa.com\/de\/wp-json\/wp\/v2\/pages\/649\/revisions\/1226"}],"wp:attachment":[{"href":"https:\/\/forms.roedlusa.com\/de\/wp-json\/wp\/v2\/media?parent=649"}],"curies":[{"name":"wp","href":"https:\/\/api.w.org\/{rel}","templated":true}]}}